{"id":241,"date":"2022-02-17T11:40:12","date_gmt":"2022-02-17T10:40:12","guid":{"rendered":"http:\/\/parishotelaero.com\/new\/chambres\/"},"modified":"2022-03-09T11:18:27","modified_gmt":"2022-03-09T10:18:27","slug":"rooms","status":"publish","type":"page","link":"https:\/\/www.parishotelaero.com\/en\/rooms\/","title":{"rendered":"chambres"},"content":{"rendered":"\n\t<section class=\"section\" id=\"section_1786801844\">\n\t\t<div class=\"bg section-bg fill bg-fill  \" >\n\n\t\t\t\n\t\t\t<div class=\"section-bg-overlay absolute fill\"><\/div>\n\t\t\t\n\n\t\t<\/div>\n\n\t\t<div class=\"section-content relative\">\n\t\t\t\n\n<div class=\"row row-collapse align-middle\"  id=\"row-628030931\">\n\n\n\t<div id=\"col-885022239\" class=\"col small-12 large-12\"  >\n\t\t\t\t<div class=\"col-inner\"  >\n\t\t\t\n\t\t\t\n\n\t<div id=\"text-1802222212\" class=\"text\">\n\t\t\n\n<h2>AERO HOTEL ROOMS<\/h2>\n\t\t\n<style>\n#text-1802222212 {\n  text-align: center;\n  color: rgb(255,255,255);\n}\n#text-1802222212 > * {\n  color: rgb(255,255,255);\n}\n<\/style>\n\t<\/div>\n\t\n\n\t\t<\/div>\n\t\t\t\t\t<\/div>\n\n\t\n\n<\/div>\n\n\t\t<\/div>\n\n\t\t\n<style>\n#section_1786801844 {\n  padding-top: 30px;\n  padding-bottom: 30px;\n  min-height: 250px;\n}\n#section_1786801844 .section-bg-overlay {\n  background-color: rgba(0,0,0,.5);\n}\n#section_1786801844 .section-bg.bg-loaded {\n  background-image: url(https:\/\/www.parishotelaero.com\/wp-content\/uploads\/2022\/02\/aero-hotel-paris-chambre-superieure-double-1.jpg);\n}\n<\/style>\n\t<\/section>\n\t\n\t<section class=\"section\" id=\"section_32432430\">\n\t\t<div class=\"bg section-bg fill bg-fill  bg-loaded\" >\n\n\t\t\t\n\t\t\t\n\t\t\t\n\n\t\t<\/div>\n\n\t\t<div class=\"section-content relative\">\n\t\t\t\n\n<div class=\"row align-center\"  id=\"row-1538972166\">\n\n\n\t<div id=\"col-555555180\" class=\"col medium-6 small-12 large-6\"  data-animate=\"fadeInUp\">\n\t\t\t\t<div class=\"col-inner text-center\"  >\n\t\t\t\n\t\t\t\n\n\t<div class=\"img has-hover x md-x lg-x y md-y lg-y\" id=\"image_1015775655\">\n\t\t<a class=\"\" href=\"http:\/\/www.parishotelaero.com\/en\/single-rooms\/\"  >\t\t\t\t\t\t<div class=\"img-inner image-zoom-long box-shadow-3 dark\" >\n\t\t\t<img decoding=\"async\" width=\"300\" height=\"200\" src=\"https:\/\/www.parishotelaero.com\/wp-content\/uploads\/2022\/02\/aero-hotel-paris-chambre-single-1-300x200.jpg\" class=\"attachment-medium size-medium\" alt=\"Chambre single A\u00e9ro H\u00f4tel Paris\" srcset=\"https:\/\/www.parishotelaero.com\/wp-content\/uploads\/2022\/02\/aero-hotel-paris-chambre-single-1-300x200.jpg 300w, https:\/\/www.parishotelaero.com\/wp-content\/uploads\/2022\/02\/aero-hotel-paris-chambre-single-1-1024x683.jpg 1024w, https:\/\/www.parishotelaero.com\/wp-content\/uploads\/2022\/02\/aero-hotel-paris-chambre-single-1-768x512.jpg 768w, https:\/\/www.parishotelaero.com\/wp-content\/uploads\/2022\/02\/aero-hotel-paris-chambre-single-1.jpg 1500w\" sizes=\"(max-width: 300px) 100vw, 300px\" \/>\t\t\t\t\t\t\n\t\t\t\t\t<\/div>\n\t\t\t\t\t\t<\/a>\t\t\n<style>\n#image_1015775655 {\n  width: 100%;\n}\n<\/style>\n\t<\/div>\n\t\n\n<h3>Single<\/h3>\n<p>1 person &#8211; bed 120 cm<\/p>\n<a href=\"http:\/\/www.parishotelaero.com\/en\/single-rooms\/\" target=\"_self\" class=\"button primary lowercase\"  style=\"border-radius:10px;\">\n    <span>See details<\/span>\n  <\/a>\n\n\n\n\t\t<\/div>\n\t\t\t\t\t<\/div>\n\n\t\n\n\t<div id=\"col-308383092\" class=\"col medium-6 small-12 large-6\"  data-animate=\"fadeInUp\">\n\t\t\t\t<div class=\"col-inner text-center\"  >\n\t\t\t\n\t\t\t\n\n\t<div class=\"img has-hover x md-x lg-x y md-y lg-y\" id=\"image_1042714022\">\n\t\t<a class=\"\" href=\"http:\/\/www.parishotelaero.com\/en\/standard-rooms\/\"  >\t\t\t\t\t\t<div class=\"img-inner image-zoom-long box-shadow-3 dark\" >\n\t\t\t<img decoding=\"async\" width=\"300\" height=\"200\" src=\"https:\/\/www.parishotelaero.com\/wp-content\/uploads\/2022\/02\/aero-hotel-paris-chambre-standard-1-300x200.jpg\" class=\"attachment-medium size-medium\" alt=\"Chambre standard A\u00e9ro H\u00f4tel Paris\" srcset=\"https:\/\/www.parishotelaero.com\/wp-content\/uploads\/2022\/02\/aero-hotel-paris-chambre-standard-1-300x200.jpg 300w, https:\/\/www.parishotelaero.com\/wp-content\/uploads\/2022\/02\/aero-hotel-paris-chambre-standard-1-1024x683.jpg 1024w, https:\/\/www.parishotelaero.com\/wp-content\/uploads\/2022\/02\/aero-hotel-paris-chambre-standard-1-768x512.jpg 768w, https:\/\/www.parishotelaero.com\/wp-content\/uploads\/2022\/02\/aero-hotel-paris-chambre-standard-1.jpg 1500w\" sizes=\"(max-width: 300px) 100vw, 300px\" \/>\t\t\t\t\t\t\n\t\t\t\t\t<\/div>\n\t\t\t\t\t\t<\/a>\t\t\n<style>\n#image_1042714022 {\n  width: 100%;\n}\n<\/style>\n\t<\/div>\n\t\n\n<h3>Standard<\/h3>\n<p>2 people &#8211; bed 140 cm<\/p>\n<a href=\"http:\/\/www.parishotelaero.com\/en\/standard-rooms\/\" target=\"_self\" class=\"button primary lowercase\"  style=\"border-radius:10px;\">\n    <span>See details<\/span>\n  <\/a>\n\n\n\n\t\t<\/div>\n\t\t\t\t\t<\/div>\n\n\t\n\n\t<div id=\"col-1332275767\" class=\"col medium-6 small-12 large-6\"  data-animate=\"fadeInUp\">\n\t\t\t\t<div class=\"col-inner text-center\"  >\n\t\t\t\n\t\t\t\n\n\t<div class=\"img has-hover x md-x lg-x y md-y lg-y\" id=\"image_1310309618\">\n\t\t<a class=\"\" href=\"http:\/\/www.parishotelaero.com\/en\/superior-rooms\/\"  >\t\t\t\t\t\t<div class=\"img-inner image-zoom-long box-shadow-3 dark\" >\n\t\t\t<img decoding=\"async\" width=\"1020\" height=\"680\" src=\"https:\/\/www.parishotelaero.com\/wp-content\/uploads\/2022\/02\/aero-hotel-paris-chambre-superieure-twin-1-1024x683.jpg\" class=\"attachment-large size-large\" alt=\"Chambre sup\u00e9rieure twin A\u00e9ro H\u00f4tel Paris\" srcset=\"https:\/\/www.parishotelaero.com\/wp-content\/uploads\/2022\/02\/aero-hotel-paris-chambre-superieure-twin-1-1024x683.jpg 1024w, https:\/\/www.parishotelaero.com\/wp-content\/uploads\/2022\/02\/aero-hotel-paris-chambre-superieure-twin-1-300x200.jpg 300w, https:\/\/www.parishotelaero.com\/wp-content\/uploads\/2022\/02\/aero-hotel-paris-chambre-superieure-twin-1-768x512.jpg 768w, https:\/\/www.parishotelaero.com\/wp-content\/uploads\/2022\/02\/aero-hotel-paris-chambre-superieure-twin-1.jpg 1500w\" sizes=\"(max-width: 1020px) 100vw, 1020px\" \/>\t\t\t\t\t\t\n\t\t\t\t\t<\/div>\n\t\t\t\t\t\t<\/a>\t\t\n<style>\n#image_1310309618 {\n  width: 100%;\n}\n<\/style>\n\t<\/div>\n\t\n\n<h3>Superior double or twin<\/h3>\n<p>2 people &#8211; bed 160 cm or 2 x 80 cm<\/p>\n<a href=\"http:\/\/www.parishotelaero.com\/en\/superior-rooms\/\" target=\"_self\" class=\"button primary lowercase\"  style=\"border-radius:10px;\">\n    <span>See details<\/span>\n  <\/a>\n\n\n\n\t\t<\/div>\n\t\t\t\t\t<\/div>\n\n\t\n\n<\/div>\n<div class=\"is-divider divider clearfix\" ><\/div>\n\n<div class=\"row\"  id=\"row-1649544744\">\n\n\n\t<div id=\"col-1135927122\" class=\"col small-12 large-12\"  >\n\t\t\t\t<div class=\"col-inner\"  >\n\t\t\t\n\t\t\t\n\n<h3 style=\"text-align: center;\"><strong>14 fully designed rooms<\/strong><\/h3>\n<p style=\"text-align: center;\">The design, colors and arrangements have been specially designed to contribute to your well-being.<\/p>\n<p style=\"text-align: center;\"><strong>The rooms are equipped with :<\/strong><br \/>&#8211; LCD screen with Canal+ and international channels<br \/>&#8211; Free WIFI<br \/>&#8211; Air conditioner<br \/>&#8211; Safe<\/p>\n<p>The rooms are available from 2:00 p.m. and must be vacated no later than 12:00 p.m. (midday) on the day of your departure<\/p>\n<p>The hotel has a room for people with reduced mobility.<\/p>\n\n\t\t<\/div>\n\t\t\t\t\t<\/div>\n\n\t\n\n<\/div>\n\n\t\t<\/div>\n\n\t\t\n<style>\n#section_32432430 {\n  padding-top: 30px;\n  padding-bottom: 30px;\n}\n<\/style>\n\t<\/section>\n\t\n\n","protected":false},"excerpt":{"rendered":"","protected":false},"author":1,"featured_media":0,"parent":0,"menu_order":0,"comment_status":"closed","ping_status":"open","template":"page-blank.php","meta":{"footnotes":""},"class_list":["post-241","page","type-page","status-publish","hentry"],"yoast_head":"<!-- This site is optimized with the Yoast SEO plugin v20.9 - https:\/\/yoast.com\/wordpress\/plugins\/seo\/ -->\n<title>The rooms of the Hotel A\u00e9ro Paris<\/title>\n<meta name=\"robots\" content=\"index, follow, max-snippet:-1, max-image-preview:large, max-video-preview:-1\" \/>\n<link rel=\"canonical\" href=\"https:\/\/www.parishotelaero.com\/en\/rooms\/\" \/>\n<meta property=\"og:locale\" content=\"en_US\" \/>\n<meta property=\"og:type\" content=\"article\" \/>\n<meta property=\"og:title\" content=\"The rooms of the Hotel A\u00e9ro Paris\" \/>\n<meta property=\"og:url\" content=\"https:\/\/www.parishotelaero.com\/en\/rooms\/\" \/>\n<meta property=\"og:site_name\" content=\"A\u00e9ro H\u00f4tel\" \/>\n<meta property=\"article:modified_time\" content=\"2022-03-09T10:18:27+00:00\" \/>\n<meta name=\"twitter:card\" content=\"summary_large_image\" \/>\n<meta name=\"twitter:label1\" content=\"Est. reading time\" \/>\n\t<meta name=\"twitter:data1\" content=\"1 minute\" \/>\n<script type=\"application\/ld+json\" class=\"yoast-schema-graph\">{\"@context\":\"https:\/\/schema.org\",\"@graph\":[{\"@type\":\"WebPage\",\"@id\":\"https:\/\/www.parishotelaero.com\/en\/rooms\/\",\"url\":\"https:\/\/www.parishotelaero.com\/en\/rooms\/\",\"name\":\"The rooms of the Hotel A\u00e9ro Paris\",\"isPartOf\":{\"@id\":\"https:\/\/www.parishotelaero.com\/#website\"},\"datePublished\":\"2022-02-17T10:40:12+00:00\",\"dateModified\":\"2022-03-09T10:18:27+00:00\",\"breadcrumb\":{\"@id\":\"https:\/\/www.parishotelaero.com\/en\/rooms\/#breadcrumb\"},\"inLanguage\":\"en-US\",\"potentialAction\":[{\"@type\":\"ReadAction\",\"target\":[\"https:\/\/www.parishotelaero.com\/en\/rooms\/\"]}]},{\"@type\":\"BreadcrumbList\",\"@id\":\"https:\/\/www.parishotelaero.com\/en\/rooms\/#breadcrumb\",\"itemListElement\":[{\"@type\":\"ListItem\",\"position\":1,\"name\":\"Accueil\",\"item\":\"https:\/\/www.parishotelaero.com\/en\/\"},{\"@type\":\"ListItem\",\"position\":2,\"name\":\"chambres\"}]},{\"@type\":\"WebSite\",\"@id\":\"https:\/\/www.parishotelaero.com\/#website\",\"url\":\"https:\/\/www.parishotelaero.com\/\",\"name\":\"A\u00e9ro H\u00f4tel\",\"description\":\"H\u00f4tel de charme au coeur du 16\u00e8me arrondissement\",\"potentialAction\":[{\"@type\":\"SearchAction\",\"target\":{\"@type\":\"EntryPoint\",\"urlTemplate\":\"https:\/\/www.parishotelaero.com\/?s={search_term_string}\"},\"query-input\":\"required name=search_term_string\"}],\"inLanguage\":\"en-US\"}]}<\/script>\n<!-- \/ Yoast SEO plugin. -->","yoast_head_json":{"title":"The rooms of the Hotel A\u00e9ro Paris","robots":{"index":"index","follow":"follow","max-snippet":"max-snippet:-1","max-image-preview":"max-image-preview:large","max-video-preview":"max-video-preview:-1"},"canonical":"https:\/\/www.parishotelaero.com\/en\/rooms\/","og_locale":"en_US","og_type":"article","og_title":"The rooms of the Hotel A\u00e9ro Paris","og_url":"https:\/\/www.parishotelaero.com\/en\/rooms\/","og_site_name":"A\u00e9ro H\u00f4tel","article_modified_time":"2022-03-09T10:18:27+00:00","twitter_card":"summary_large_image","twitter_misc":{"Est. reading time":"1 minute"},"schema":{"@context":"https:\/\/schema.org","@graph":[{"@type":"WebPage","@id":"https:\/\/www.parishotelaero.com\/en\/rooms\/","url":"https:\/\/www.parishotelaero.com\/en\/rooms\/","name":"The rooms of the Hotel A\u00e9ro Paris","isPartOf":{"@id":"https:\/\/www.parishotelaero.com\/#website"},"datePublished":"2022-02-17T10:40:12+00:00","dateModified":"2022-03-09T10:18:27+00:00","breadcrumb":{"@id":"https:\/\/www.parishotelaero.com\/en\/rooms\/#breadcrumb"},"inLanguage":"en-US","potentialAction":[{"@type":"ReadAction","target":["https:\/\/www.parishotelaero.com\/en\/rooms\/"]}]},{"@type":"BreadcrumbList","@id":"https:\/\/www.parishotelaero.com\/en\/rooms\/#breadcrumb","itemListElement":[{"@type":"ListItem","position":1,"name":"Accueil","item":"https:\/\/www.parishotelaero.com\/en\/"},{"@type":"ListItem","position":2,"name":"chambres"}]},{"@type":"WebSite","@id":"https:\/\/www.parishotelaero.com\/#website","url":"https:\/\/www.parishotelaero.com\/","name":"A\u00e9ro H\u00f4tel","description":"H\u00f4tel de charme au coeur du 16\u00e8me arrondissement","potentialAction":[{"@type":"SearchAction","target":{"@type":"EntryPoint","urlTemplate":"https:\/\/www.parishotelaero.com\/?s={search_term_string}"},"query-input":"required name=search_term_string"}],"inLanguage":"en-US"}]}},"_links":{"self":[{"href":"https:\/\/www.parishotelaero.com\/en\/wp-json\/wp\/v2\/pages\/241","targetHints":{"allow":["GET"]}}],"collection":[{"href":"https:\/\/www.parishotelaero.com\/en\/wp-json\/wp\/v2\/pages"}],"about":[{"href":"https:\/\/www.parishotelaero.com\/en\/wp-json\/wp\/v2\/types\/page"}],"author":[{"embeddable":true,"href":"https:\/\/www.parishotelaero.com\/en\/wp-json\/wp\/v2\/users\/1"}],"replies":[{"embeddable":true,"href":"https:\/\/www.parishotelaero.com\/en\/wp-json\/wp\/v2\/comments?post=241"}],"version-history":[{"count":5,"href":"https:\/\/www.parishotelaero.com\/en\/wp-json\/wp\/v2\/pages\/241\/revisions"}],"predecessor-version":[{"id":301,"href":"https:\/\/www.parishotelaero.com\/en\/wp-json\/wp\/v2\/pages\/241\/revisions\/301"}],"wp:attachment":[{"href":"https:\/\/www.parishotelaero.com\/en\/wp-json\/wp\/v2\/media?parent=241"}],"curies":[{"name":"wp","href":"https:\/\/api.w.org\/{rel}","templated":true}]}}