{"id":242,"date":"2022-02-17T12:04:58","date_gmt":"2022-02-17T11:04:58","guid":{"rendered":"http:\/\/parishotelaero.com\/new\/chambres-single\/"},"modified":"2022-02-28T12:18:01","modified_gmt":"2022-02-28T11:18:01","slug":"single-rooms","status":"publish","type":"page","link":"https:\/\/www.parishotelaero.com\/en\/single-rooms\/","title":{"rendered":"chambres single"},"content":{"rendered":"\n\t<section class=\"section\" id=\"section_1084431753\">\n\t\t<div class=\"bg section-bg fill bg-fill  bg-loaded\" >\n\n\t\t\t\n\t\t\t\n\t\t\t\n\n\t\t<\/div>\n\n\t\t<div class=\"section-content relative\">\n\t\t\t\n\n<div class=\"slider-wrapper relative\" id=\"slider-34921748\" >\n    <div class=\"slider slider-nav-circle slider-nav-large slider-nav-light slider-style-normal\"\n        data-flickity-options='{\n            \"cellAlign\": \"center\",\n            \"imagesLoaded\": true,\n            \"lazyLoad\": 1,\n            \"freeScroll\": false,\n            \"wrapAround\": true,\n            \"autoPlay\": 6000,\n            \"pauseAutoPlayOnHover\" : true,\n            \"prevNextButtons\": true,\n            \"contain\" : true,\n            \"adaptiveHeight\" : true,\n            \"dragThreshold\" : 10,\n            \"percentPosition\": true,\n            \"pageDots\": true,\n            \"rightToLeft\": false,\n            \"draggable\": true,\n            \"selectedAttraction\": 0.1,\n            \"parallax\" : 0,\n            \"friction\": 0.6        }'\n        >\n        \n\n\t<div class=\"img has-hover x md-x lg-x y md-y lg-y\" id=\"image_501782910\">\n\t\t\t\t\t\t\t\t<div class=\"img-inner image-cover dark\" style=\"padding-top:50%;\">\n\t\t\t<img decoding=\"async\" width=\"1500\" height=\"1000\" src=\"https:\/\/www.parishotelaero.com\/wp-content\/uploads\/2022\/02\/aero-hotel-paris-chambre-single-1.jpg\" class=\"attachment-original size-original\" alt=\"Chambre single A\u00e9ro H\u00f4tel Paris\" srcset=\"https:\/\/www.parishotelaero.com\/wp-content\/uploads\/2022\/02\/aero-hotel-paris-chambre-single-1.jpg 1500w, https:\/\/www.parishotelaero.com\/wp-content\/uploads\/2022\/02\/aero-hotel-paris-chambre-single-1-300x200.jpg 300w, https:\/\/www.parishotelaero.com\/wp-content\/uploads\/2022\/02\/aero-hotel-paris-chambre-single-1-1024x683.jpg 1024w, https:\/\/www.parishotelaero.com\/wp-content\/uploads\/2022\/02\/aero-hotel-paris-chambre-single-1-768x512.jpg 768w\" sizes=\"(max-width: 1500px) 100vw, 1500px\" \/>\t\t\t\t\t\t\n\t\t\t\t\t<\/div>\n\t\t\t\t\t\t\t\t\n<style>\n#image_501782910 {\n  width: 100%;\n}\n<\/style>\n\t<\/div>\n\t\n\n\t<div class=\"img has-hover x md-x lg-x y md-y lg-y\" id=\"image_1758224342\">\n\t\t\t\t\t\t\t\t<div class=\"img-inner image-cover dark\" style=\"padding-top:50%;\">\n\t\t\t<img decoding=\"async\" width=\"1500\" height=\"1000\" src=\"https:\/\/www.parishotelaero.com\/wp-content\/uploads\/2022\/02\/aero-hotel-paris-chambre-single-2.jpg\" class=\"attachment-original size-original\" alt=\"Chambre single A\u00e9ro H\u00f4tel Paris\" srcset=\"https:\/\/www.parishotelaero.com\/wp-content\/uploads\/2022\/02\/aero-hotel-paris-chambre-single-2.jpg 1500w, https:\/\/www.parishotelaero.com\/wp-content\/uploads\/2022\/02\/aero-hotel-paris-chambre-single-2-300x200.jpg 300w, https:\/\/www.parishotelaero.com\/wp-content\/uploads\/2022\/02\/aero-hotel-paris-chambre-single-2-1024x683.jpg 1024w, https:\/\/www.parishotelaero.com\/wp-content\/uploads\/2022\/02\/aero-hotel-paris-chambre-single-2-768x512.jpg 768w\" sizes=\"(max-width: 1500px) 100vw, 1500px\" \/>\t\t\t\t\t\t\n\t\t\t\t\t<\/div>\n\t\t\t\t\t\t\t\t\n<style>\n#image_1758224342 {\n  width: 100%;\n}\n<\/style>\n\t<\/div>\n\t\n\n\t<div class=\"img has-hover x md-x lg-x y md-y lg-y\" id=\"image_882626847\">\n\t\t\t\t\t\t\t\t<div class=\"img-inner image-cover dark\" style=\"padding-top:50%;\">\n\t\t\t<img decoding=\"async\" width=\"1500\" height=\"1000\" src=\"https:\/\/www.parishotelaero.com\/wp-content\/uploads\/2022\/02\/aero-hotel-paris-chambre-single-3.jpg\" class=\"attachment-original size-original\" alt=\"Chambre single A\u00e9ro H\u00f4tel Paris\" srcset=\"https:\/\/www.parishotelaero.com\/wp-content\/uploads\/2022\/02\/aero-hotel-paris-chambre-single-3.jpg 1500w, https:\/\/www.parishotelaero.com\/wp-content\/uploads\/2022\/02\/aero-hotel-paris-chambre-single-3-300x200.jpg 300w, https:\/\/www.parishotelaero.com\/wp-content\/uploads\/2022\/02\/aero-hotel-paris-chambre-single-3-1024x683.jpg 1024w, https:\/\/www.parishotelaero.com\/wp-content\/uploads\/2022\/02\/aero-hotel-paris-chambre-single-3-768x512.jpg 768w\" sizes=\"(max-width: 1500px) 100vw, 1500px\" \/>\t\t\t\t\t\t\n\t\t\t\t\t<\/div>\n\t\t\t\t\t\t\t\t\n<style>\n#image_882626847 {\n  width: 100%;\n}\n<\/style>\n\t<\/div>\n\t\n\n\n     <\/div>\n\n     <div class=\"loading-spin dark large centered\"><\/div>\n\n     \t<\/div>\n\n\n\n\t\t<\/div>\n\n\t\t\n<style>\n#section_1084431753 {\n  padding-top: 0px;\n  padding-bottom: 0px;\n}\n<\/style>\n\t<\/section>\n\t\n\t<section class=\"section\" id=\"section_1464893600\">\n\t\t<div class=\"bg section-bg fill bg-fill  bg-loaded\" >\n\n\t\t\t\n\t\t\t\n\t\t\t\n\n\t\t<\/div>\n\n\t\t<div class=\"section-content relative\">\n\t\t\t\n\n<div class=\"row align-middle\"  id=\"row-1609360276\">\n\n\n\t<div id=\"col-1844626180\" class=\"col small-12 large-12\"  data-animate=\"fadeInRight\">\n\t\t\t\t<div class=\"col-inner text-center\"  >\n\t\t\t\n\t\t\t\n\n<h1 style=\"text-align: center;\">\u201cSINGLE\u201d rooms<br \/>1 person \u2013 1 bed 120 cm<\/h1>\n<p style=\"text-align: center;\">The A\u00e9ro hotel has 2 single rooms, which directly overlook the rue de l&#8217;Annonciation.<\/p>\n<p>&nbsp;<\/p>\n<a rel=\"noopener noreferrer\" href=\"https:\/\/www.secure-hotel-booking.com\/Aero-hotel-Paris-Passy\/2XDK?hotelId=20893&#038;language=en\" target=\"_blank\" class=\"button primary is-primary is-medium\"  style=\"border-radius:4px;\">\n    <span>Book your room<\/span>\n  <\/a>\n\n\n\n\t\t<\/div>\n\t\t\t\t\t<\/div>\n\n\t\n\n<\/div>\n<div class=\"row\"  id=\"row-2008093739\">\n\n\n\t<div id=\"col-851822541\" class=\"col medium-6 small-12 large-6\"  >\n\t\t\t\t<div class=\"col-inner\"  >\n\t\t\t\n\t\t\t\n\n<p>The design, colors and arrangements have been specially designed to contribute to your well-being.<\/p>\n<p><strong>The rooms are equipped with :<\/strong><\/p>\n<ul>\n<li>LCD screen with Canal+ and international channels<\/li>\n<li>Free WIFI<\/li>\n<li>Air conditioner<\/li>\n<li>Safe<\/li>\n<\/ul>\n\n\t\t<\/div>\n\t\t\t\t\t<\/div>\n\n\t\n\n\t<div id=\"col-1913571463\" class=\"col medium-6 small-12 large-6\"  >\n\t\t\t\t<div class=\"col-inner\"  >\n\t\t\t\n\t\t\t\n\n\t<div class=\"img has-hover x md-x lg-x y md-y lg-y\" id=\"image_1152434735\">\n\t\t\t\t\t\t\t\t<div class=\"img-inner box-shadow-3 dark\" >\n\t\t\t<img decoding=\"async\" width=\"1020\" height=\"680\" src=\"https:\/\/www.parishotelaero.com\/wp-content\/uploads\/2022\/02\/aero-hotel-paris-chambre-single-1-1024x683.jpg\" class=\"attachment-large size-large\" alt=\"Chambre single A\u00e9ro H\u00f4tel Paris\" srcset=\"https:\/\/www.parishotelaero.com\/wp-content\/uploads\/2022\/02\/aero-hotel-paris-chambre-single-1-1024x683.jpg 1024w, https:\/\/www.parishotelaero.com\/wp-content\/uploads\/2022\/02\/aero-hotel-paris-chambre-single-1-300x200.jpg 300w, https:\/\/www.parishotelaero.com\/wp-content\/uploads\/2022\/02\/aero-hotel-paris-chambre-single-1-768x512.jpg 768w, https:\/\/www.parishotelaero.com\/wp-content\/uploads\/2022\/02\/aero-hotel-paris-chambre-single-1.jpg 1500w\" sizes=\"(max-width: 1020px) 100vw, 1020px\" \/>\t\t\t\t\t\t\n\t\t\t\t\t<\/div>\n\t\t\t\t\t\t\t\t\n<style>\n#image_1152434735 {\n  width: 100%;\n}\n<\/style>\n\t<\/div>\n\t\n\n\n\t\t<\/div>\n\t\t\t\t\t<\/div>\n\n\t\n\n<\/div>\n\n\t\t<\/div>\n\n\t\t\n<style>\n#section_1464893600 {\n  padding-top: 30px;\n  padding-bottom: 30px;\n}\n<\/style>\n\t<\/section>\n\t\n\n","protected":false},"excerpt":{"rendered":"","protected":false},"author":1,"featured_media":0,"parent":0,"menu_order":0,"comment_status":"closed","ping_status":"open","template":"page-blank.php","meta":{"footnotes":""},"class_list":["post-242","page","type-page","status-publish","hentry"],"yoast_head":"<!-- This site is optimized with the Yoast SEO plugin v20.9 - https:\/\/yoast.com\/wordpress\/plugins\/seo\/ -->\n<title>Single rooms of the hotel A\u00e9ro Paris<\/title>\n<meta name=\"robots\" content=\"index, follow, max-snippet:-1, max-image-preview:large, max-video-preview:-1\" \/>\n<link rel=\"canonical\" href=\"https:\/\/www.parishotelaero.com\/en\/single-rooms\/\" \/>\n<meta property=\"og:locale\" content=\"en_US\" \/>\n<meta property=\"og:type\" content=\"article\" \/>\n<meta property=\"og:title\" content=\"Single rooms of the hotel A\u00e9ro Paris\" \/>\n<meta property=\"og:url\" content=\"https:\/\/www.parishotelaero.com\/en\/single-rooms\/\" \/>\n<meta property=\"og:site_name\" content=\"A\u00e9ro H\u00f4tel\" \/>\n<meta property=\"article:modified_time\" content=\"2022-02-28T11:18:01+00:00\" \/>\n<meta name=\"twitter:card\" content=\"summary_large_image\" \/>\n<meta name=\"twitter:label1\" content=\"Est. reading time\" \/>\n\t<meta name=\"twitter:data1\" content=\"1 minute\" \/>\n<script type=\"application\/ld+json\" class=\"yoast-schema-graph\">{\"@context\":\"https:\/\/schema.org\",\"@graph\":[{\"@type\":\"WebPage\",\"@id\":\"https:\/\/www.parishotelaero.com\/en\/single-rooms\/\",\"url\":\"https:\/\/www.parishotelaero.com\/en\/single-rooms\/\",\"name\":\"Single rooms of the hotel A\u00e9ro Paris\",\"isPartOf\":{\"@id\":\"https:\/\/www.parishotelaero.com\/#website\"},\"datePublished\":\"2022-02-17T11:04:58+00:00\",\"dateModified\":\"2022-02-28T11:18:01+00:00\",\"breadcrumb\":{\"@id\":\"https:\/\/www.parishotelaero.com\/en\/single-rooms\/#breadcrumb\"},\"inLanguage\":\"en-US\",\"potentialAction\":[{\"@type\":\"ReadAction\",\"target\":[\"https:\/\/www.parishotelaero.com\/en\/single-rooms\/\"]}]},{\"@type\":\"BreadcrumbList\",\"@id\":\"https:\/\/www.parishotelaero.com\/en\/single-rooms\/#breadcrumb\",\"itemListElement\":[{\"@type\":\"ListItem\",\"position\":1,\"name\":\"Accueil\",\"item\":\"https:\/\/www.parishotelaero.com\/en\/\"},{\"@type\":\"ListItem\",\"position\":2,\"name\":\"chambres single\"}]},{\"@type\":\"WebSite\",\"@id\":\"https:\/\/www.parishotelaero.com\/#website\",\"url\":\"https:\/\/www.parishotelaero.com\/\",\"name\":\"A\u00e9ro H\u00f4tel\",\"description\":\"H\u00f4tel de charme au coeur du 16\u00e8me arrondissement\",\"potentialAction\":[{\"@type\":\"SearchAction\",\"target\":{\"@type\":\"EntryPoint\",\"urlTemplate\":\"https:\/\/www.parishotelaero.com\/?s={search_term_string}\"},\"query-input\":\"required name=search_term_string\"}],\"inLanguage\":\"en-US\"}]}<\/script>\n<!-- \/ Yoast SEO plugin. -->","yoast_head_json":{"title":"Single rooms of the hotel A\u00e9ro Paris","robots":{"index":"index","follow":"follow","max-snippet":"max-snippet:-1","max-image-preview":"max-image-preview:large","max-video-preview":"max-video-preview:-1"},"canonical":"https:\/\/www.parishotelaero.com\/en\/single-rooms\/","og_locale":"en_US","og_type":"article","og_title":"Single rooms of the hotel A\u00e9ro Paris","og_url":"https:\/\/www.parishotelaero.com\/en\/single-rooms\/","og_site_name":"A\u00e9ro H\u00f4tel","article_modified_time":"2022-02-28T11:18:01+00:00","twitter_card":"summary_large_image","twitter_misc":{"Est. reading time":"1 minute"},"schema":{"@context":"https:\/\/schema.org","@graph":[{"@type":"WebPage","@id":"https:\/\/www.parishotelaero.com\/en\/single-rooms\/","url":"https:\/\/www.parishotelaero.com\/en\/single-rooms\/","name":"Single rooms of the hotel A\u00e9ro Paris","isPartOf":{"@id":"https:\/\/www.parishotelaero.com\/#website"},"datePublished":"2022-02-17T11:04:58+00:00","dateModified":"2022-02-28T11:18:01+00:00","breadcrumb":{"@id":"https:\/\/www.parishotelaero.com\/en\/single-rooms\/#breadcrumb"},"inLanguage":"en-US","potentialAction":[{"@type":"ReadAction","target":["https:\/\/www.parishotelaero.com\/en\/single-rooms\/"]}]},{"@type":"BreadcrumbList","@id":"https:\/\/www.parishotelaero.com\/en\/single-rooms\/#breadcrumb","itemListElement":[{"@type":"ListItem","position":1,"name":"Accueil","item":"https:\/\/www.parishotelaero.com\/en\/"},{"@type":"ListItem","position":2,"name":"chambres single"}]},{"@type":"WebSite","@id":"https:\/\/www.parishotelaero.com\/#website","url":"https:\/\/www.parishotelaero.com\/","name":"A\u00e9ro H\u00f4tel","description":"H\u00f4tel de charme au coeur du 16\u00e8me arrondissement","potentialAction":[{"@type":"SearchAction","target":{"@type":"EntryPoint","urlTemplate":"https:\/\/www.parishotelaero.com\/?s={search_term_string}"},"query-input":"required name=search_term_string"}],"inLanguage":"en-US"}]}},"_links":{"self":[{"href":"https:\/\/www.parishotelaero.com\/en\/wp-json\/wp\/v2\/pages\/242","targetHints":{"allow":["GET"]}}],"collection":[{"href":"https:\/\/www.parishotelaero.com\/en\/wp-json\/wp\/v2\/pages"}],"about":[{"href":"https:\/\/www.parishotelaero.com\/en\/wp-json\/wp\/v2\/types\/page"}],"author":[{"embeddable":true,"href":"https:\/\/www.parishotelaero.com\/en\/wp-json\/wp\/v2\/users\/1"}],"replies":[{"embeddable":true,"href":"https:\/\/www.parishotelaero.com\/en\/wp-json\/wp\/v2\/comments?post=242"}],"version-history":[{"count":2,"href":"https:\/\/www.parishotelaero.com\/en\/wp-json\/wp\/v2\/pages\/242\/revisions"}],"predecessor-version":[{"id":254,"href":"https:\/\/www.parishotelaero.com\/en\/wp-json\/wp\/v2\/pages\/242\/revisions\/254"}],"wp:attachment":[{"href":"https:\/\/www.parishotelaero.com\/en\/wp-json\/wp\/v2\/media?parent=242"}],"curies":[{"name":"wp","href":"https:\/\/api.w.org\/{rel}","templated":true}]}}