{"id":246,"date":"2022-02-18T17:34:33","date_gmt":"2022-02-18T16:34:33","guid":{"rendered":"http:\/\/parishotelaero.com\/new\/les-offres\/"},"modified":"2022-02-28T12:31:51","modified_gmt":"2022-02-28T11:31:51","slug":"our-offers","status":"publish","type":"page","link":"https:\/\/www.parishotelaero.com\/en\/our-offers\/","title":{"rendered":"Les offres"},"content":{"rendered":"\n\t<section class=\"section\" id=\"section_217580880\">\n\t\t<div class=\"bg section-bg fill bg-fill  \" >\n\n\t\t\t\n\t\t\t<div class=\"section-bg-overlay absolute fill\"><\/div>\n\t\t\t\n\n\t\t<\/div>\n\n\t\t<div class=\"section-content relative\">\n\t\t\t\n\n<div class=\"row row-collapse align-middle\"  id=\"row-2029434253\">\n\n\n\t<div id=\"col-446902055\" class=\"col small-12 large-12\"  >\n\t\t\t\t<div class=\"col-inner\"  >\n\t\t\t\n\t\t\t\n\n\t<div id=\"text-2803532416\" class=\"text\">\n\t\t\n\n<h2>AERO HOTEL OFFERS<\/h2>\n\n\t\t\n<style>\n#text-2803532416 {\n  text-align: center;\n  color: rgb(255,255,255);\n}\n#text-2803532416 > * {\n  color: rgb(255,255,255);\n}\n<\/style>\n\t<\/div>\n\t\n\n\t\t<\/div>\n\t\t\t\t\t<\/div>\n\n\t\n\n<\/div>\n\n\t\t<\/div>\n\n\t\t\n<style>\n#section_217580880 {\n  padding-top: 30px;\n  padding-bottom: 30px;\n  min-height: 250px;\n}\n#section_217580880 .section-bg-overlay {\n  background-color: rgba(0,0,0,.5);\n}\n#section_217580880 .section-bg.bg-loaded {\n  background-image: url(https:\/\/www.parishotelaero.com\/wp-content\/uploads\/2022\/02\/aero-hotel-paris-facade-1.jpg);\n}\n<\/style>\n\t<\/section>\n\t\n\t<section class=\"section\" id=\"section_1974450672\">\n\t\t<div class=\"bg section-bg fill bg-fill  bg-loaded\" >\n\n\t\t\t\n\t\t\t\n\t\t\t\n\n\t\t<\/div>\n\n\t\t<div class=\"section-content relative\">\n\t\t\t\n\n<div class=\"row align-middle\"  id=\"row-287514904\">\n\n\n\t<div id=\"col-1637790963\" class=\"col medium-6 small-12 large-6\"  data-animate=\"fadeInLeft\">\n\t\t\t\t<div class=\"col-inner\"  >\n\t\t\t\n\t\t\t\n\n\t<div class=\"img has-hover x md-x lg-x y md-y lg-y\" id=\"image_1006129003\">\n\t\t\t\t\t\t\t\t<div class=\"img-inner box-shadow-3 dark\" >\n\t\t\t<img decoding=\"async\" width=\"1020\" height=\"680\" src=\"https:\/\/www.parishotelaero.com\/wp-content\/uploads\/2022\/02\/aero-hotel-paris-chambre-standard-1-1024x683.jpg\" class=\"attachment-large size-large\" alt=\"Chambre standard A\u00e9ro H\u00f4tel Paris\" srcset=\"https:\/\/www.parishotelaero.com\/wp-content\/uploads\/2022\/02\/aero-hotel-paris-chambre-standard-1-1024x683.jpg 1024w, https:\/\/www.parishotelaero.com\/wp-content\/uploads\/2022\/02\/aero-hotel-paris-chambre-standard-1-300x200.jpg 300w, https:\/\/www.parishotelaero.com\/wp-content\/uploads\/2022\/02\/aero-hotel-paris-chambre-standard-1-768x512.jpg 768w, https:\/\/www.parishotelaero.com\/wp-content\/uploads\/2022\/02\/aero-hotel-paris-chambre-standard-1.jpg 1500w\" sizes=\"(max-width: 1020px) 100vw, 1020px\" \/>\t\t\t\t\t\t\n\t\t\t\t\t<\/div>\n\t\t\t\t\t\t\t\t\n<style>\n#image_1006129003 {\n  width: 100%;\n}\n<\/style>\n\t<\/div>\n\t\n\n\n\t\t<\/div>\n\t\t\t\t\t<\/div>\n\n\t\n\n\t<div id=\"col-1194151257\" class=\"col medium-6 small-12 large-6\"  data-animate=\"fadeInRight\">\n\t\t\t\t<div class=\"col-inner\"  >\n\t\t\t\n\t\t\t\n\n<h1>OFFICIAL WEBSITE<\/h1>\n<p>By booking on our official website we guarantee you the best rate available on the internet!<\/p>\n\n<a rel=\"noopener noreferrer\" href=\"https:\/\/www.secure-hotel-booking.com\/Aero-hotel-Paris-Passy\/2XDK?hotelId=20893&#038;language=en\" target=\"_blank\" class=\"button secondary\"  style=\"border-radius:10px;\">\n    <span>Book your room<\/span>\n  <\/a>\n\n\n\n\t\t<\/div>\n\t\t\t\t\t<\/div>\n\n\t\n\n<\/div>\n\n\t\t<\/div>\n\n\t\t\n<style>\n#section_1974450672 {\n  padding-top: 30px;\n  padding-bottom: 30px;\n}\n<\/style>\n\t<\/section>\n\t\n\n","protected":false},"excerpt":{"rendered":"","protected":false},"author":1,"featured_media":0,"parent":0,"menu_order":0,"comment_status":"closed","ping_status":"open","template":"page-blank.php","meta":{"footnotes":""},"class_list":["post-246","page","type-page","status-publish","hentry"],"yoast_head":"<!-- This site is optimized with the Yoast SEO plugin v20.9 - https:\/\/yoast.com\/wordpress\/plugins\/seo\/ -->\n<title>The offers of the Aero Hotel Paris - Best rates guaranteed - official website<\/title>\n<meta name=\"robots\" content=\"index, follow, max-snippet:-1, max-image-preview:large, max-video-preview:-1\" \/>\n<link rel=\"canonical\" href=\"https:\/\/www.parishotelaero.com\/en\/our-offers\/\" \/>\n<meta property=\"og:locale\" content=\"en_US\" \/>\n<meta property=\"og:type\" content=\"article\" \/>\n<meta property=\"og:title\" content=\"The offers of the Aero Hotel Paris - Best rates guaranteed - official website\" \/>\n<meta property=\"og:url\" content=\"https:\/\/www.parishotelaero.com\/en\/our-offers\/\" \/>\n<meta property=\"og:site_name\" content=\"A\u00e9ro H\u00f4tel\" \/>\n<meta property=\"article:modified_time\" content=\"2022-02-28T11:31:51+00:00\" \/>\n<meta name=\"twitter:card\" content=\"summary_large_image\" \/>\n<meta name=\"twitter:label1\" content=\"Est. reading time\" \/>\n\t<meta name=\"twitter:data1\" content=\"1 minute\" \/>\n<script type=\"application\/ld+json\" class=\"yoast-schema-graph\">{\"@context\":\"https:\/\/schema.org\",\"@graph\":[{\"@type\":\"WebPage\",\"@id\":\"https:\/\/www.parishotelaero.com\/en\/our-offers\/\",\"url\":\"https:\/\/www.parishotelaero.com\/en\/our-offers\/\",\"name\":\"The offers of the Aero Hotel Paris - Best rates guaranteed - official website\",\"isPartOf\":{\"@id\":\"https:\/\/www.parishotelaero.com\/#website\"},\"datePublished\":\"2022-02-18T16:34:33+00:00\",\"dateModified\":\"2022-02-28T11:31:51+00:00\",\"breadcrumb\":{\"@id\":\"https:\/\/www.parishotelaero.com\/en\/our-offers\/#breadcrumb\"},\"inLanguage\":\"en-US\",\"potentialAction\":[{\"@type\":\"ReadAction\",\"target\":[\"https:\/\/www.parishotelaero.com\/en\/our-offers\/\"]}]},{\"@type\":\"BreadcrumbList\",\"@id\":\"https:\/\/www.parishotelaero.com\/en\/our-offers\/#breadcrumb\",\"itemListElement\":[{\"@type\":\"ListItem\",\"position\":1,\"name\":\"Accueil\",\"item\":\"https:\/\/www.parishotelaero.com\/en\/\"},{\"@type\":\"ListItem\",\"position\":2,\"name\":\"Les offres\"}]},{\"@type\":\"WebSite\",\"@id\":\"https:\/\/www.parishotelaero.com\/#website\",\"url\":\"https:\/\/www.parishotelaero.com\/\",\"name\":\"A\u00e9ro H\u00f4tel\",\"description\":\"H\u00f4tel de charme au coeur du 16\u00e8me arrondissement\",\"potentialAction\":[{\"@type\":\"SearchAction\",\"target\":{\"@type\":\"EntryPoint\",\"urlTemplate\":\"https:\/\/www.parishotelaero.com\/?s={search_term_string}\"},\"query-input\":\"required name=search_term_string\"}],\"inLanguage\":\"en-US\"}]}<\/script>\n<!-- \/ Yoast SEO plugin. -->","yoast_head_json":{"title":"The offers of the Aero Hotel Paris - Best rates guaranteed - official website","robots":{"index":"index","follow":"follow","max-snippet":"max-snippet:-1","max-image-preview":"max-image-preview:large","max-video-preview":"max-video-preview:-1"},"canonical":"https:\/\/www.parishotelaero.com\/en\/our-offers\/","og_locale":"en_US","og_type":"article","og_title":"The offers of the Aero Hotel Paris - Best rates guaranteed - official website","og_url":"https:\/\/www.parishotelaero.com\/en\/our-offers\/","og_site_name":"A\u00e9ro H\u00f4tel","article_modified_time":"2022-02-28T11:31:51+00:00","twitter_card":"summary_large_image","twitter_misc":{"Est. reading time":"1 minute"},"schema":{"@context":"https:\/\/schema.org","@graph":[{"@type":"WebPage","@id":"https:\/\/www.parishotelaero.com\/en\/our-offers\/","url":"https:\/\/www.parishotelaero.com\/en\/our-offers\/","name":"The offers of the Aero Hotel Paris - Best rates guaranteed - official website","isPartOf":{"@id":"https:\/\/www.parishotelaero.com\/#website"},"datePublished":"2022-02-18T16:34:33+00:00","dateModified":"2022-02-28T11:31:51+00:00","breadcrumb":{"@id":"https:\/\/www.parishotelaero.com\/en\/our-offers\/#breadcrumb"},"inLanguage":"en-US","potentialAction":[{"@type":"ReadAction","target":["https:\/\/www.parishotelaero.com\/en\/our-offers\/"]}]},{"@type":"BreadcrumbList","@id":"https:\/\/www.parishotelaero.com\/en\/our-offers\/#breadcrumb","itemListElement":[{"@type":"ListItem","position":1,"name":"Accueil","item":"https:\/\/www.parishotelaero.com\/en\/"},{"@type":"ListItem","position":2,"name":"Les offres"}]},{"@type":"WebSite","@id":"https:\/\/www.parishotelaero.com\/#website","url":"https:\/\/www.parishotelaero.com\/","name":"A\u00e9ro H\u00f4tel","description":"H\u00f4tel de charme au coeur du 16\u00e8me arrondissement","potentialAction":[{"@type":"SearchAction","target":{"@type":"EntryPoint","urlTemplate":"https:\/\/www.parishotelaero.com\/?s={search_term_string}"},"query-input":"required name=search_term_string"}],"inLanguage":"en-US"}]}},"_links":{"self":[{"href":"https:\/\/www.parishotelaero.com\/en\/wp-json\/wp\/v2\/pages\/246","targetHints":{"allow":["GET"]}}],"collection":[{"href":"https:\/\/www.parishotelaero.com\/en\/wp-json\/wp\/v2\/pages"}],"about":[{"href":"https:\/\/www.parishotelaero.com\/en\/wp-json\/wp\/v2\/types\/page"}],"author":[{"embeddable":true,"href":"https:\/\/www.parishotelaero.com\/en\/wp-json\/wp\/v2\/users\/1"}],"replies":[{"embeddable":true,"href":"https:\/\/www.parishotelaero.com\/en\/wp-json\/wp\/v2\/comments?post=246"}],"version-history":[{"count":2,"href":"https:\/\/www.parishotelaero.com\/en\/wp-json\/wp\/v2\/pages\/246\/revisions"}],"predecessor-version":[{"id":264,"href":"https:\/\/www.parishotelaero.com\/en\/wp-json\/wp\/v2\/pages\/246\/revisions\/264"}],"wp:attachment":[{"href":"https:\/\/www.parishotelaero.com\/en\/wp-json\/wp\/v2\/media?parent=246"}],"curies":[{"name":"wp","href":"https:\/\/api.w.org\/{rel}","templated":true}]}}