{"id":247,"date":"2022-02-17T16:28:12","date_gmt":"2022-02-17T15:28:12","guid":{"rendered":"http:\/\/parishotelaero.com\/new\/services-aero-hotel-paris\/"},"modified":"2023-06-15T18:43:55","modified_gmt":"2023-06-15T16:43:55","slug":"services-aero-hotel-paris","status":"publish","type":"page","link":"https:\/\/www.parishotelaero.com\/en\/services-aero-hotel-paris\/","title":{"rendered":"Les Services"},"content":{"rendered":"\n\t<section class=\"section\" id=\"section_2015978215\">\n\t\t<div class=\"bg section-bg fill bg-fill  bg-loaded\" >\n\n\t\t\t\n\t\t\t\n\t\t\t\n\n\t\t<\/div>\n\n\t\t<div class=\"section-content relative\">\n\t\t\t\n\n<div class=\"slider-wrapper relative\" id=\"slider-173937190\" >\n    <div class=\"slider slider-nav-circle slider-nav-large slider-nav-light slider-style-normal\"\n        data-flickity-options='{\n            \"cellAlign\": \"center\",\n            \"imagesLoaded\": true,\n            \"lazyLoad\": 1,\n            \"freeScroll\": false,\n            \"wrapAround\": true,\n            \"autoPlay\": 6000,\n            \"pauseAutoPlayOnHover\" : true,\n            \"prevNextButtons\": true,\n            \"contain\" : true,\n            \"adaptiveHeight\" : true,\n            \"dragThreshold\" : 10,\n            \"percentPosition\": true,\n            \"pageDots\": true,\n            \"rightToLeft\": false,\n            \"draggable\": true,\n            \"selectedAttraction\": 0.1,\n            \"parallax\" : 0,\n            \"friction\": 0.6        }'\n        >\n        \n\n\t<div class=\"img has-hover x md-x lg-x y md-y lg-y\" id=\"image_2103593987\">\n\t\t\t\t\t\t\t\t<div class=\"img-inner image-cover dark\" style=\"padding-top:50%;\">\n\t\t\t<img decoding=\"async\" width=\"1500\" height=\"1000\" src=\"https:\/\/www.parishotelaero.com\/wp-content\/uploads\/2022\/02\/aero-hotel-paris-petit-dejeuner-3.jpg\" class=\"attachment-original size-original\" alt=\"\" srcset=\"https:\/\/www.parishotelaero.com\/wp-content\/uploads\/2022\/02\/aero-hotel-paris-petit-dejeuner-3.jpg 1500w, https:\/\/www.parishotelaero.com\/wp-content\/uploads\/2022\/02\/aero-hotel-paris-petit-dejeuner-3-300x200.jpg 300w, https:\/\/www.parishotelaero.com\/wp-content\/uploads\/2022\/02\/aero-hotel-paris-petit-dejeuner-3-1024x683.jpg 1024w, https:\/\/www.parishotelaero.com\/wp-content\/uploads\/2022\/02\/aero-hotel-paris-petit-dejeuner-3-768x512.jpg 768w\" sizes=\"(max-width: 1500px) 100vw, 1500px\" \/>\t\t\t\t\t\t\n\t\t\t\t\t<\/div>\n\t\t\t\t\t\t\t\t\n<style>\n#image_2103593987 {\n  width: 100%;\n}\n<\/style>\n\t<\/div>\n\t\n\n\t<div class=\"img has-hover x md-x lg-x y md-y lg-y\" id=\"image_209219643\">\n\t\t\t\t\t\t\t\t<div class=\"img-inner image-cover dark\" style=\"padding-top:50%;\">\n\t\t\t<img decoding=\"async\" width=\"1500\" height=\"1000\" src=\"https:\/\/www.parishotelaero.com\/wp-content\/uploads\/2022\/02\/aero-hotel-paris-petit-dejeuner-4.jpg\" class=\"attachment-original size-original\" alt=\"\" srcset=\"https:\/\/www.parishotelaero.com\/wp-content\/uploads\/2022\/02\/aero-hotel-paris-petit-dejeuner-4.jpg 1500w, https:\/\/www.parishotelaero.com\/wp-content\/uploads\/2022\/02\/aero-hotel-paris-petit-dejeuner-4-300x200.jpg 300w, https:\/\/www.parishotelaero.com\/wp-content\/uploads\/2022\/02\/aero-hotel-paris-petit-dejeuner-4-1024x683.jpg 1024w, https:\/\/www.parishotelaero.com\/wp-content\/uploads\/2022\/02\/aero-hotel-paris-petit-dejeuner-4-768x512.jpg 768w\" sizes=\"(max-width: 1500px) 100vw, 1500px\" \/>\t\t\t\t\t\t\n\t\t\t\t\t<\/div>\n\t\t\t\t\t\t\t\t\n<style>\n#image_209219643 {\n  width: 100%;\n}\n<\/style>\n\t<\/div>\n\t\n\n\t<div class=\"img has-hover x md-x lg-x y md-y lg-y\" id=\"image_2110263051\">\n\t\t\t\t\t\t\t\t<div class=\"img-inner image-cover dark\" style=\"padding-top:50%;\">\n\t\t\t<img decoding=\"async\" width=\"1500\" height=\"1000\" src=\"https:\/\/www.parishotelaero.com\/wp-content\/uploads\/2022\/02\/aero-hotel-paris-services-2.jpg\" class=\"attachment-original size-original\" alt=\"\" srcset=\"https:\/\/www.parishotelaero.com\/wp-content\/uploads\/2022\/02\/aero-hotel-paris-services-2.jpg 1500w, https:\/\/www.parishotelaero.com\/wp-content\/uploads\/2022\/02\/aero-hotel-paris-services-2-300x200.jpg 300w, https:\/\/www.parishotelaero.com\/wp-content\/uploads\/2022\/02\/aero-hotel-paris-services-2-1024x683.jpg 1024w, https:\/\/www.parishotelaero.com\/wp-content\/uploads\/2022\/02\/aero-hotel-paris-services-2-768x512.jpg 768w\" sizes=\"(max-width: 1500px) 100vw, 1500px\" \/>\t\t\t\t\t\t\n\t\t\t\t\t<\/div>\n\t\t\t\t\t\t\t\t\n<style>\n#image_2110263051 {\n  width: 100%;\n}\n<\/style>\n\t<\/div>\n\t\n\n\t<div class=\"img has-hover x md-x lg-x y md-y lg-y\" id=\"image_910412640\">\n\t\t\t\t\t\t\t\t<div class=\"img-inner image-cover dark\" style=\"padding-top:50%;\">\n\t\t\t<img decoding=\"async\" width=\"1500\" height=\"1000\" src=\"https:\/\/www.parishotelaero.com\/wp-content\/uploads\/2022\/02\/aero-hotel-paris-services-1.jpg\" class=\"attachment-original size-original\" alt=\"\" srcset=\"https:\/\/www.parishotelaero.com\/wp-content\/uploads\/2022\/02\/aero-hotel-paris-services-1.jpg 1500w, https:\/\/www.parishotelaero.com\/wp-content\/uploads\/2022\/02\/aero-hotel-paris-services-1-300x200.jpg 300w, https:\/\/www.parishotelaero.com\/wp-content\/uploads\/2022\/02\/aero-hotel-paris-services-1-1024x683.jpg 1024w, https:\/\/www.parishotelaero.com\/wp-content\/uploads\/2022\/02\/aero-hotel-paris-services-1-768x512.jpg 768w\" sizes=\"(max-width: 1500px) 100vw, 1500px\" \/>\t\t\t\t\t\t\n\t\t\t\t\t<\/div>\n\t\t\t\t\t\t\t\t\n<style>\n#image_910412640 {\n  width: 100%;\n}\n<\/style>\n\t<\/div>\n\t\n\n\t<div class=\"img has-hover x md-x lg-x y md-y lg-y\" id=\"image_224829705\">\n\t\t\t\t\t\t\t\t<div class=\"img-inner image-cover dark\" style=\"padding-top:50%;\">\n\t\t\t<img decoding=\"async\" width=\"1500\" height=\"1000\" src=\"https:\/\/www.parishotelaero.com\/wp-content\/uploads\/2022\/02\/aero-hotel-paris-services-3.jpg\" class=\"attachment-original size-original\" alt=\"\" srcset=\"https:\/\/www.parishotelaero.com\/wp-content\/uploads\/2022\/02\/aero-hotel-paris-services-3.jpg 1500w, https:\/\/www.parishotelaero.com\/wp-content\/uploads\/2022\/02\/aero-hotel-paris-services-3-300x200.jpg 300w, https:\/\/www.parishotelaero.com\/wp-content\/uploads\/2022\/02\/aero-hotel-paris-services-3-1024x683.jpg 1024w, https:\/\/www.parishotelaero.com\/wp-content\/uploads\/2022\/02\/aero-hotel-paris-services-3-768x512.jpg 768w\" sizes=\"(max-width: 1500px) 100vw, 1500px\" \/>\t\t\t\t\t\t\n\t\t\t\t\t<\/div>\n\t\t\t\t\t\t\t\t\n<style>\n#image_224829705 {\n  width: 100%;\n}\n<\/style>\n\t<\/div>\n\t\n\n\n     <\/div>\n\n     <div class=\"loading-spin dark large centered\"><\/div>\n\n     \t<\/div>\n\n\n\n\t\t<\/div>\n\n\t\t\n<style>\n#section_2015978215 {\n  padding-top: 0px;\n  padding-bottom: 0px;\n}\n<\/style>\n\t<\/section>\n\t\n\t<section class=\"section\" id=\"section_1821718979\">\n\t\t<div class=\"bg section-bg fill bg-fill  bg-loaded\" >\n\n\t\t\t\n\t\t\t\n\t\t\t\n\n\t\t<\/div>\n\n\t\t<div class=\"section-content relative\">\n\t\t\t\n\n<div class=\"row\"  id=\"row-1763208989\">\n\n\n\t<div id=\"col-1845150886\" class=\"col small-12 large-12\"  >\n\t\t\t\t<div class=\"col-inner\"  >\n\t\t\t\n\t\t\t\n\n<div class=\"container section-title-container\" ><h2 class=\"section-title section-title-center\"><b><\/b><span class=\"section-title-main\" >Additional Services<\/span><b><\/b><\/h2><\/div>\n\n\n\t\t<\/div>\n\t\t\t\t\t<\/div>\n\n\t\n\n<\/div>\n<div class=\"row\"  id=\"row-349909077\">\n\n\n\t<div id=\"col-180180464\" class=\"col medium-6 small-12 large-6\"  data-animate=\"fadeInUp\">\n\t\t\t\t<div class=\"col-inner\"  >\n\t\t\t\n\t\t\t\n\n\t<div class=\"img has-hover x md-x lg-x y md-y lg-y\" id=\"image_75997011\">\n\t\t\t\t\t\t\t\t<div class=\"img-inner image-zoom-long box-shadow-3 dark\" >\n\t\t\t<img decoding=\"async\" width=\"1020\" height=\"680\" src=\"https:\/\/www.parishotelaero.com\/wp-content\/uploads\/2022\/02\/aero-hotel-paris-petit-dejeuner-1-1024x683.jpg\" class=\"attachment-large size-large\" alt=\"\" srcset=\"https:\/\/www.parishotelaero.com\/wp-content\/uploads\/2022\/02\/aero-hotel-paris-petit-dejeuner-1-1024x683.jpg 1024w, https:\/\/www.parishotelaero.com\/wp-content\/uploads\/2022\/02\/aero-hotel-paris-petit-dejeuner-1-300x200.jpg 300w, https:\/\/www.parishotelaero.com\/wp-content\/uploads\/2022\/02\/aero-hotel-paris-petit-dejeuner-1-768x512.jpg 768w, https:\/\/www.parishotelaero.com\/wp-content\/uploads\/2022\/02\/aero-hotel-paris-petit-dejeuner-1.jpg 1500w\" sizes=\"(max-width: 1020px) 100vw, 1020px\" \/>\t\t\t\t\t\t\n\t\t\t\t\t<\/div>\n\t\t\t\t\t\t\t\t\n<style>\n#image_75997011 {\n  width: 100%;\n}\n<\/style>\n\t<\/div>\n\t\n\n<h3>Breakfast<\/h3>\n<p>Breakfast is served from 7:00 a.m. to 12:00 p.m.; it can also be served in your room from 8 a.m. to 12 p.m.<br \/>\n&#8211; Continental breakfast: 12 euros<br \/>\n&#8211; American breakfast: 22 euros<br \/>\nTo be booked directly at the hotel.<\/p>\n\n\n\t\t<\/div>\n\t\t\t\t\t<\/div>\n\n\t\n\n\t<div id=\"col-1735970562\" class=\"col medium-6 small-12 large-6\"  data-animate=\"fadeInUp\">\n\t\t\t\t<div class=\"col-inner\"  >\n\t\t\t\n\t\t\t\n\n\t<div class=\"img has-hover x md-x lg-x y md-y lg-y\" id=\"image_1253689965\">\n\t\t\t\t\t\t\t\t<div class=\"img-inner image-zoom-long box-shadow-3 dark\" >\n\t\t\t<img decoding=\"async\" width=\"1020\" height=\"680\" src=\"https:\/\/www.parishotelaero.com\/wp-content\/uploads\/2022\/02\/aero-hotel-paris-services-2-1024x683.jpg\" class=\"attachment-large size-large\" alt=\"\" srcset=\"https:\/\/www.parishotelaero.com\/wp-content\/uploads\/2022\/02\/aero-hotel-paris-services-2-1024x683.jpg 1024w, https:\/\/www.parishotelaero.com\/wp-content\/uploads\/2022\/02\/aero-hotel-paris-services-2-300x200.jpg 300w, https:\/\/www.parishotelaero.com\/wp-content\/uploads\/2022\/02\/aero-hotel-paris-services-2-768x512.jpg 768w, https:\/\/www.parishotelaero.com\/wp-content\/uploads\/2022\/02\/aero-hotel-paris-services-2.jpg 1500w\" sizes=\"(max-width: 1020px) 100vw, 1020px\" \/>\t\t\t\t\t\t\n\t\t\t\t\t<\/div>\n\t\t\t\t\t\t\t\t\n<style>\n#image_1253689965 {\n  width: 100%;\n}\n<\/style>\n\t<\/div>\n\t\n\n<h3>Champagne in the room<\/h3>\n<p>Make your stay romantic with a chilled bottle of Champagne upon arrival.<\/p>\n\n\t\t<\/div>\n\t\t\t\t\t<\/div>\n\n\t\n\n\t<div id=\"col-1035012497\" class=\"col medium-6 small-12 large-6\"  data-animate=\"fadeInUp\">\n\t\t\t\t<div class=\"col-inner\"  >\n\t\t\t\n\t\t\t\n\n\t<div class=\"img has-hover x md-x lg-x y md-y lg-y\" id=\"image_2067903663\">\n\t\t\t\t\t\t\t\t<div class=\"img-inner image-zoom-long box-shadow-3 dark\" >\n\t\t\t<img decoding=\"async\" width=\"1020\" height=\"680\" src=\"https:\/\/www.parishotelaero.com\/wp-content\/uploads\/2022\/02\/aero-hotel-paris-services-1-1024x683.jpg\" class=\"attachment-large size-large\" alt=\"\" srcset=\"https:\/\/www.parishotelaero.com\/wp-content\/uploads\/2022\/02\/aero-hotel-paris-services-1-1024x683.jpg 1024w, https:\/\/www.parishotelaero.com\/wp-content\/uploads\/2022\/02\/aero-hotel-paris-services-1-300x200.jpg 300w, https:\/\/www.parishotelaero.com\/wp-content\/uploads\/2022\/02\/aero-hotel-paris-services-1-768x512.jpg 768w, https:\/\/www.parishotelaero.com\/wp-content\/uploads\/2022\/02\/aero-hotel-paris-services-1.jpg 1500w\" sizes=\"(max-width: 1020px) 100vw, 1020px\" \/>\t\t\t\t\t\t\n\t\t\t\t\t<\/div>\n\t\t\t\t\t\t\t\t\n<style>\n#image_2067903663 {\n  width: 100%;\n}\n<\/style>\n\t<\/div>\n\t\n\n<h3>Carette macaroons<\/h3>\n<p>Create a memorable impression with our delicious assortment of Carette macarons<\/p>\n\n\t\t<\/div>\n\t\t\t\t\t<\/div>\n\n\t\n\n\t<div id=\"col-2132179581\" class=\"col medium-6 small-12 large-6\"  data-animate=\"fadeInUp\">\n\t\t\t\t<div class=\"col-inner\"  >\n\t\t\t\n\t\t\t\n\n\t<div class=\"img has-hover x md-x lg-x y md-y lg-y\" id=\"image_1997497489\">\n\t\t\t\t\t\t\t\t<div class=\"img-inner image-zoom-long box-shadow-3 dark\" >\n\t\t\t<img decoding=\"async\" width=\"1020\" height=\"680\" src=\"https:\/\/www.parishotelaero.com\/wp-content\/uploads\/2022\/02\/aero-hotel-paris-services-3-1024x683.jpg\" class=\"attachment-large size-large\" alt=\"\" srcset=\"https:\/\/www.parishotelaero.com\/wp-content\/uploads\/2022\/02\/aero-hotel-paris-services-3-1024x683.jpg 1024w, https:\/\/www.parishotelaero.com\/wp-content\/uploads\/2022\/02\/aero-hotel-paris-services-3-300x200.jpg 300w, https:\/\/www.parishotelaero.com\/wp-content\/uploads\/2022\/02\/aero-hotel-paris-services-3-768x512.jpg 768w, https:\/\/www.parishotelaero.com\/wp-content\/uploads\/2022\/02\/aero-hotel-paris-services-3.jpg 1500w\" sizes=\"(max-width: 1020px) 100vw, 1020px\" \/>\t\t\t\t\t\t\n\t\t\t\t\t<\/div>\n\t\t\t\t\t\t\t\t\n<style>\n#image_1997497489 {\n  width: 100%;\n}\n<\/style>\n\t<\/div>\n\t\n\n<h3>Flowers for special occasions<\/h3>\n<p>Make your precious moments truly unique and celebrate them with a bouquet of flowers.<\/p>\n\n\t\t<\/div>\n\t\t\t\t\t<\/div>\n\n\t\n\n\t<div id=\"col-397065516\" class=\"col small-12 large-12\"  >\n\t\t\t\t<div class=\"col-inner\"  >\n\t\t\t\n\t\t\t\n\n<a rel=\"noopener noreferrer\" href=\"https:\/\/www.secure-hotel-booking.com\/Aero-hotel-Paris-Passy\/2XDK?hotelId=20893&#038;language=en\" target=\"_blank\" class=\"button secondary lowercase expand\"  style=\"border-radius:10px;\">\n    <span>Book your room<\/span>\n  <\/a>\n\n\n<p><strong>OTHER SERVICES<\/strong><\/p>\n<p>The reception offers a number of services to facilitate your stay in our establishment::<\/p>\n<p>\u2022 <strong>Room service<\/strong> from  8 a.m. to 23 p.m.<\/p>\n<p>\u2022 <strong>Your needs<\/strong><br \/>Do not hesitate to contact us for any taxi reservation (airport shuttle or Parisian taxis), reservation for shows, citytours, river shuttles, wake-up calls, etc. <\/p>\n<p>We also have an iron, an ironing board, a cot (0-2 years); you just have to ask us directly at reception, free of charge.<\/p>\n<p>In addition, a laundry service is available 20 meters to the left when leaving the hotel.<\/p>\n<p>The presence of small pets is allowed in the rooms without any extra charge. However, we ask you to inform the reception when leaving your room so that it can be cleaned, without disturbing your faithful companion.<\/p>\n<p>\u2022 <strong>Access for people with reduced mobility<\/strong><br \/>A room has been specially designed for people with reduced mobility, accessible with a lift<\/p>\n<p>\u2022 <strong>Payments<\/strong><br \/>We gladly accept the following credit cards: Carte Bleue \/ Visa \/ American Express \/ Eurocard, Mastercard<\/p>\n\n\t\t<\/div>\n\t\t\t\t\t<\/div>\n\n\t\n\n<\/div>\n\n\t\t<\/div>\n\n\t\t\n<style>\n#section_1821718979 {\n  padding-top: 30px;\n  padding-bottom: 30px;\n}\n<\/style>\n\t<\/section>\n\t\n\n","protected":false},"excerpt":{"rendered":"","protected":false},"author":1,"featured_media":0,"parent":0,"menu_order":0,"comment_status":"closed","ping_status":"open","template":"page-blank.php","meta":{"footnotes":""},"class_list":["post-247","page","type-page","status-publish","hentry"],"yoast_head":"<!-- This site is optimized with the Yoast SEO plugin v20.9 - https:\/\/yoast.com\/wordpress\/plugins\/seo\/ -->\n<title>The services of the Aero Hotel Paris<\/title>\n<meta name=\"robots\" content=\"index, follow, max-snippet:-1, max-image-preview:large, max-video-preview:-1\" \/>\n<link rel=\"canonical\" href=\"https:\/\/www.parishotelaero.com\/en\/services-aero-hotel-paris\/\" \/>\n<meta property=\"og:locale\" content=\"en_US\" \/>\n<meta property=\"og:type\" content=\"article\" \/>\n<meta property=\"og:title\" content=\"The services of the Aero Hotel Paris\" \/>\n<meta property=\"og:url\" content=\"https:\/\/www.parishotelaero.com\/en\/services-aero-hotel-paris\/\" \/>\n<meta property=\"og:site_name\" content=\"A\u00e9ro H\u00f4tel\" \/>\n<meta property=\"article:modified_time\" content=\"2023-06-15T16:43:55+00:00\" \/>\n<meta name=\"twitter:card\" content=\"summary_large_image\" \/>\n<meta name=\"twitter:label1\" content=\"Est. reading time\" \/>\n\t<meta name=\"twitter:data1\" content=\"2 minutes\" \/>\n<script type=\"application\/ld+json\" class=\"yoast-schema-graph\">{\"@context\":\"https:\/\/schema.org\",\"@graph\":[{\"@type\":\"WebPage\",\"@id\":\"https:\/\/www.parishotelaero.com\/en\/services-aero-hotel-paris\/\",\"url\":\"https:\/\/www.parishotelaero.com\/en\/services-aero-hotel-paris\/\",\"name\":\"The services of the Aero Hotel Paris\",\"isPartOf\":{\"@id\":\"https:\/\/www.parishotelaero.com\/#website\"},\"datePublished\":\"2022-02-17T15:28:12+00:00\",\"dateModified\":\"2023-06-15T16:43:55+00:00\",\"breadcrumb\":{\"@id\":\"https:\/\/www.parishotelaero.com\/en\/services-aero-hotel-paris\/#breadcrumb\"},\"inLanguage\":\"en-US\",\"potentialAction\":[{\"@type\":\"ReadAction\",\"target\":[\"https:\/\/www.parishotelaero.com\/en\/services-aero-hotel-paris\/\"]}]},{\"@type\":\"BreadcrumbList\",\"@id\":\"https:\/\/www.parishotelaero.com\/en\/services-aero-hotel-paris\/#breadcrumb\",\"itemListElement\":[{\"@type\":\"ListItem\",\"position\":1,\"name\":\"Accueil\",\"item\":\"https:\/\/www.parishotelaero.com\/en\/\"},{\"@type\":\"ListItem\",\"position\":2,\"name\":\"Les Services\"}]},{\"@type\":\"WebSite\",\"@id\":\"https:\/\/www.parishotelaero.com\/#website\",\"url\":\"https:\/\/www.parishotelaero.com\/\",\"name\":\"A\u00e9ro H\u00f4tel\",\"description\":\"H\u00f4tel de charme au coeur du 16\u00e8me arrondissement\",\"potentialAction\":[{\"@type\":\"SearchAction\",\"target\":{\"@type\":\"EntryPoint\",\"urlTemplate\":\"https:\/\/www.parishotelaero.com\/?s={search_term_string}\"},\"query-input\":\"required name=search_term_string\"}],\"inLanguage\":\"en-US\"}]}<\/script>\n<!-- \/ Yoast SEO plugin. -->","yoast_head_json":{"title":"The services of the Aero Hotel Paris","robots":{"index":"index","follow":"follow","max-snippet":"max-snippet:-1","max-image-preview":"max-image-preview:large","max-video-preview":"max-video-preview:-1"},"canonical":"https:\/\/www.parishotelaero.com\/en\/services-aero-hotel-paris\/","og_locale":"en_US","og_type":"article","og_title":"The services of the Aero Hotel Paris","og_url":"https:\/\/www.parishotelaero.com\/en\/services-aero-hotel-paris\/","og_site_name":"A\u00e9ro H\u00f4tel","article_modified_time":"2023-06-15T16:43:55+00:00","twitter_card":"summary_large_image","twitter_misc":{"Est. reading time":"2 minutes"},"schema":{"@context":"https:\/\/schema.org","@graph":[{"@type":"WebPage","@id":"https:\/\/www.parishotelaero.com\/en\/services-aero-hotel-paris\/","url":"https:\/\/www.parishotelaero.com\/en\/services-aero-hotel-paris\/","name":"The services of the Aero Hotel Paris","isPartOf":{"@id":"https:\/\/www.parishotelaero.com\/#website"},"datePublished":"2022-02-17T15:28:12+00:00","dateModified":"2023-06-15T16:43:55+00:00","breadcrumb":{"@id":"https:\/\/www.parishotelaero.com\/en\/services-aero-hotel-paris\/#breadcrumb"},"inLanguage":"en-US","potentialAction":[{"@type":"ReadAction","target":["https:\/\/www.parishotelaero.com\/en\/services-aero-hotel-paris\/"]}]},{"@type":"BreadcrumbList","@id":"https:\/\/www.parishotelaero.com\/en\/services-aero-hotel-paris\/#breadcrumb","itemListElement":[{"@type":"ListItem","position":1,"name":"Accueil","item":"https:\/\/www.parishotelaero.com\/en\/"},{"@type":"ListItem","position":2,"name":"Les Services"}]},{"@type":"WebSite","@id":"https:\/\/www.parishotelaero.com\/#website","url":"https:\/\/www.parishotelaero.com\/","name":"A\u00e9ro H\u00f4tel","description":"H\u00f4tel de charme au coeur du 16\u00e8me arrondissement","potentialAction":[{"@type":"SearchAction","target":{"@type":"EntryPoint","urlTemplate":"https:\/\/www.parishotelaero.com\/?s={search_term_string}"},"query-input":"required name=search_term_string"}],"inLanguage":"en-US"}]}},"_links":{"self":[{"href":"https:\/\/www.parishotelaero.com\/en\/wp-json\/wp\/v2\/pages\/247","targetHints":{"allow":["GET"]}}],"collection":[{"href":"https:\/\/www.parishotelaero.com\/en\/wp-json\/wp\/v2\/pages"}],"about":[{"href":"https:\/\/www.parishotelaero.com\/en\/wp-json\/wp\/v2\/types\/page"}],"author":[{"embeddable":true,"href":"https:\/\/www.parishotelaero.com\/en\/wp-json\/wp\/v2\/users\/1"}],"replies":[{"embeddable":true,"href":"https:\/\/www.parishotelaero.com\/en\/wp-json\/wp\/v2\/comments?post=247"}],"version-history":[{"count":6,"href":"https:\/\/www.parishotelaero.com\/en\/wp-json\/wp\/v2\/pages\/247\/revisions"}],"predecessor-version":[{"id":309,"href":"https:\/\/www.parishotelaero.com\/en\/wp-json\/wp\/v2\/pages\/247\/revisions\/309"}],"wp:attachment":[{"href":"https:\/\/www.parishotelaero.com\/en\/wp-json\/wp\/v2\/media?parent=247"}],"curies":[{"name":"wp","href":"https:\/\/api.w.org\/{rel}","templated":true}]}}