{"id":248,"date":"2022-02-17T16:45:48","date_gmt":"2022-02-17T15:45:48","guid":{"rendered":"http:\/\/parishotelaero.com\/new\/situation-aero-hotel-paris\/"},"modified":"2022-02-28T15:03:49","modified_gmt":"2022-02-28T14:03:49","slug":"location-aero-hotel-paris","status":"publish","type":"page","link":"https:\/\/www.parishotelaero.com\/en\/location-aero-hotel-paris\/","title":{"rendered":"Situation"},"content":{"rendered":"\n\t<section class=\"section\" id=\"section_1880482446\">\n\t\t<div class=\"bg section-bg fill bg-fill  bg-loaded\" >\n\n\t\t\t\n\t\t\t\n\t\t\t\n\n\t\t<\/div>\n\n\t\t<div class=\"section-content relative\">\n\t\t\t\n\n\n\n<iframe src=\"https:\/\/www.google.com\/maps\/embed?pb=!1m18!1m12!1m3!1d10807.316278485441!2d2.2695437546267945!3d48.85986236422094!2m3!1f0!2f0!3f0!3m2!1i1024!2i768!4f13.1!3m3!1m2!1s0x47e66fffe28b73a5%3A0xfbf22e0326e62508!2s3%20Pl.%20de%20Passy%2C%2075016%20Paris!5e0!3m2!1sfr!2sfr!4v1644310491924!5m2!1sfr!2sfr\" width=\"100%\" height=\"350\" style=\"border:0;\" allowfullscreen=\"\" loading=\"lazy\"><\/iframe>\n\n\n\t\t<\/div>\n\n\t\t\n<style>\n#section_1880482446 {\n  padding-top: 0px;\n  padding-bottom: 0px;\n}\n<\/style>\n\t<\/section>\n\t\n\t<section class=\"section\" id=\"section_1731912014\">\n\t\t<div class=\"bg section-bg fill bg-fill  bg-loaded\" >\n\n\t\t\t\n\t\t\t\n\t\t\t\n\n\t\t<\/div>\n\n\t\t<div class=\"section-content relative\">\n\t\t\t\n\n<div class=\"row align-middle\"  id=\"row-2116259879\">\n\n\n\t<div id=\"col-351096672\" class=\"col small-12 large-12\"  >\n\t\t\t\t<div class=\"col-inner\"  >\n\t\t\t\n\t\t\t\n\n<h1 style=\"text-align: center;\">LOCATION OF THE AERO HOTEL<\/h1>\n<p style=\"text-align: center;\">At the heart of the 16th district, in the famous quarter of Passy, it is close to the Eiffel Tower, the Place du Trocadero, OECD , The Bois de Boulogne &#8230;<\/p>\n\n\n\t\t<\/div>\n\t\t\t\t\t<\/div>\n\n\t\n\n\t<div id=\"col-1456051527\" class=\"col medium-6 small-12 large-6\"  data-animate=\"fadeInLeft\">\n\t\t\t\t<div class=\"col-inner\"  >\n\t\t\t\n\t\t\t\n\n\t<div class=\"img has-hover x md-x lg-x y md-y lg-y\" id=\"image_1020119668\">\n\t\t\t\t\t\t\t\t<div class=\"img-inner box-shadow-3 dark\" >\n\t\t\t<img decoding=\"async\" width=\"1020\" height=\"680\" src=\"https:\/\/www.parishotelaero.com\/wp-content\/uploads\/2022\/02\/aero-hotel-paris-facade-1-1024x683.jpg\" class=\"attachment-large size-large\" alt=\"\" srcset=\"https:\/\/www.parishotelaero.com\/wp-content\/uploads\/2022\/02\/aero-hotel-paris-facade-1-1024x683.jpg 1024w, https:\/\/www.parishotelaero.com\/wp-content\/uploads\/2022\/02\/aero-hotel-paris-facade-1-300x200.jpg 300w, https:\/\/www.parishotelaero.com\/wp-content\/uploads\/2022\/02\/aero-hotel-paris-facade-1-768x512.jpg 768w, https:\/\/www.parishotelaero.com\/wp-content\/uploads\/2022\/02\/aero-hotel-paris-facade-1.jpg 1500w\" sizes=\"(max-width: 1020px) 100vw, 1020px\" \/>\t\t\t\t\t\t\n\t\t\t\t\t<\/div>\n\t\t\t\t\t\t\t\t\n<style>\n#image_1020119668 {\n  width: 100%;\n}\n<\/style>\n\t<\/div>\n\t\n\n\n\t\t<\/div>\n\t\t\t\t\t<\/div>\n\n\t\n\n\t<div id=\"col-880151845\" class=\"col medium-6 small-12 large-6\"  data-animate=\"fadeInRight\">\n\t\t\t\t<div class=\"col-inner\"  >\n\t\t\t\n\t\t\t\n\n<p>The Annonciation street is a pedestrian street wich enjoys a good atmosphere with it typically Parisian market. The famous rue de Passy and its Luxury shops is walking distance from the hotel.<br \/><br \/><strong>By car<\/strong>, within 5 minutes you access the highway &#8220;peripherique&#8221; by &#8220;Porte de Passy&#8221; or &#8221; Porte de la Muette&#8221;; also a public car park is nearby..<br \/><br \/><strong>M\u00e9tro :<\/strong>\u00a0line 6 &#8220;Passy&#8221; or line 9 &#8220;Muette&#8221;<br \/><strong>RER C :<\/strong>\u00a0Boulainvilliers<br \/><strong>Bus N\u00b0 32\u00a0:<\/strong>\u00a0Bus stop in front of the hotel<br \/><strong>Navettes Air France :<\/strong>\u00a0line 6 Station &#8220;Charles de Gaulle-Etoile&#8221;<\/p>\n\n\t\t<\/div>\n\t\t\t\t\t<\/div>\n\n\t\n\n<\/div>\n\n\t\t<\/div>\n\n\t\t\n<style>\n#section_1731912014 {\n  padding-top: 30px;\n  padding-bottom: 30px;\n}\n<\/style>\n\t<\/section>\n\t\n\n","protected":false},"excerpt":{"rendered":"","protected":false},"author":1,"featured_media":0,"parent":0,"menu_order":0,"comment_status":"closed","ping_status":"open","template":"page-blank.php","meta":{"footnotes":""},"class_list":["post-248","page","type-page","status-publish","hentry"],"yoast_head":"<!-- This site is optimized with the Yoast SEO plugin v20.9 - https:\/\/yoast.com\/wordpress\/plugins\/seo\/ -->\n<title>Location of the Hotel Aero Paris<\/title>\n<meta name=\"robots\" content=\"index, follow, max-snippet:-1, max-image-preview:large, max-video-preview:-1\" \/>\n<link rel=\"canonical\" href=\"https:\/\/www.parishotelaero.com\/en\/location-aero-hotel-paris\/\" \/>\n<meta property=\"og:locale\" content=\"en_US\" \/>\n<meta property=\"og:type\" content=\"article\" \/>\n<meta property=\"og:title\" content=\"Location of the Hotel Aero Paris\" \/>\n<meta property=\"og:url\" content=\"https:\/\/www.parishotelaero.com\/en\/location-aero-hotel-paris\/\" \/>\n<meta property=\"og:site_name\" content=\"A\u00e9ro H\u00f4tel\" \/>\n<meta property=\"article:modified_time\" content=\"2022-02-28T14:03:49+00:00\" \/>\n<meta name=\"twitter:card\" content=\"summary_large_image\" \/>\n<meta name=\"twitter:label1\" content=\"Est. reading time\" \/>\n\t<meta name=\"twitter:data1\" content=\"1 minute\" \/>\n<script type=\"application\/ld+json\" class=\"yoast-schema-graph\">{\"@context\":\"https:\/\/schema.org\",\"@graph\":[{\"@type\":\"WebPage\",\"@id\":\"https:\/\/www.parishotelaero.com\/en\/location-aero-hotel-paris\/\",\"url\":\"https:\/\/www.parishotelaero.com\/en\/location-aero-hotel-paris\/\",\"name\":\"Location of the Hotel Aero Paris\",\"isPartOf\":{\"@id\":\"https:\/\/www.parishotelaero.com\/#website\"},\"datePublished\":\"2022-02-17T15:45:48+00:00\",\"dateModified\":\"2022-02-28T14:03:49+00:00\",\"breadcrumb\":{\"@id\":\"https:\/\/www.parishotelaero.com\/en\/location-aero-hotel-paris\/#breadcrumb\"},\"inLanguage\":\"en-US\",\"potentialAction\":[{\"@type\":\"ReadAction\",\"target\":[\"https:\/\/www.parishotelaero.com\/en\/location-aero-hotel-paris\/\"]}]},{\"@type\":\"BreadcrumbList\",\"@id\":\"https:\/\/www.parishotelaero.com\/en\/location-aero-hotel-paris\/#breadcrumb\",\"itemListElement\":[{\"@type\":\"ListItem\",\"position\":1,\"name\":\"Accueil\",\"item\":\"https:\/\/www.parishotelaero.com\/en\/\"},{\"@type\":\"ListItem\",\"position\":2,\"name\":\"Situation\"}]},{\"@type\":\"WebSite\",\"@id\":\"https:\/\/www.parishotelaero.com\/#website\",\"url\":\"https:\/\/www.parishotelaero.com\/\",\"name\":\"A\u00e9ro H\u00f4tel\",\"description\":\"H\u00f4tel de charme au coeur du 16\u00e8me arrondissement\",\"potentialAction\":[{\"@type\":\"SearchAction\",\"target\":{\"@type\":\"EntryPoint\",\"urlTemplate\":\"https:\/\/www.parishotelaero.com\/?s={search_term_string}\"},\"query-input\":\"required name=search_term_string\"}],\"inLanguage\":\"en-US\"}]}<\/script>\n<!-- \/ Yoast SEO plugin. -->","yoast_head_json":{"title":"Location of the Hotel Aero Paris","robots":{"index":"index","follow":"follow","max-snippet":"max-snippet:-1","max-image-preview":"max-image-preview:large","max-video-preview":"max-video-preview:-1"},"canonical":"https:\/\/www.parishotelaero.com\/en\/location-aero-hotel-paris\/","og_locale":"en_US","og_type":"article","og_title":"Location of the Hotel Aero Paris","og_url":"https:\/\/www.parishotelaero.com\/en\/location-aero-hotel-paris\/","og_site_name":"A\u00e9ro H\u00f4tel","article_modified_time":"2022-02-28T14:03:49+00:00","twitter_card":"summary_large_image","twitter_misc":{"Est. reading time":"1 minute"},"schema":{"@context":"https:\/\/schema.org","@graph":[{"@type":"WebPage","@id":"https:\/\/www.parishotelaero.com\/en\/location-aero-hotel-paris\/","url":"https:\/\/www.parishotelaero.com\/en\/location-aero-hotel-paris\/","name":"Location of the Hotel Aero Paris","isPartOf":{"@id":"https:\/\/www.parishotelaero.com\/#website"},"datePublished":"2022-02-17T15:45:48+00:00","dateModified":"2022-02-28T14:03:49+00:00","breadcrumb":{"@id":"https:\/\/www.parishotelaero.com\/en\/location-aero-hotel-paris\/#breadcrumb"},"inLanguage":"en-US","potentialAction":[{"@type":"ReadAction","target":["https:\/\/www.parishotelaero.com\/en\/location-aero-hotel-paris\/"]}]},{"@type":"BreadcrumbList","@id":"https:\/\/www.parishotelaero.com\/en\/location-aero-hotel-paris\/#breadcrumb","itemListElement":[{"@type":"ListItem","position":1,"name":"Accueil","item":"https:\/\/www.parishotelaero.com\/en\/"},{"@type":"ListItem","position":2,"name":"Situation"}]},{"@type":"WebSite","@id":"https:\/\/www.parishotelaero.com\/#website","url":"https:\/\/www.parishotelaero.com\/","name":"A\u00e9ro H\u00f4tel","description":"H\u00f4tel de charme au coeur du 16\u00e8me arrondissement","potentialAction":[{"@type":"SearchAction","target":{"@type":"EntryPoint","urlTemplate":"https:\/\/www.parishotelaero.com\/?s={search_term_string}"},"query-input":"required name=search_term_string"}],"inLanguage":"en-US"}]}},"_links":{"self":[{"href":"https:\/\/www.parishotelaero.com\/en\/wp-json\/wp\/v2\/pages\/248","targetHints":{"allow":["GET"]}}],"collection":[{"href":"https:\/\/www.parishotelaero.com\/en\/wp-json\/wp\/v2\/pages"}],"about":[{"href":"https:\/\/www.parishotelaero.com\/en\/wp-json\/wp\/v2\/types\/page"}],"author":[{"embeddable":true,"href":"https:\/\/www.parishotelaero.com\/en\/wp-json\/wp\/v2\/users\/1"}],"replies":[{"embeddable":true,"href":"https:\/\/www.parishotelaero.com\/en\/wp-json\/wp\/v2\/comments?post=248"}],"version-history":[{"count":2,"href":"https:\/\/www.parishotelaero.com\/en\/wp-json\/wp\/v2\/pages\/248\/revisions"}],"predecessor-version":[{"id":271,"href":"https:\/\/www.parishotelaero.com\/en\/wp-json\/wp\/v2\/pages\/248\/revisions\/271"}],"wp:attachment":[{"href":"https:\/\/www.parishotelaero.com\/en\/wp-json\/wp\/v2\/media?parent=248"}],"curies":[{"name":"wp","href":"https:\/\/api.w.org\/{rel}","templated":true}]}}